{"id":862,"date":"2024-06-07T13:16:30","date_gmt":"2024-06-07T13:16:30","guid":{"rendered":"https:\/\/www.studioprogress.it\/?page_id=862"},"modified":"2024-06-07T13:22:12","modified_gmt":"2024-06-07T13:22:12","slug":"cookie-policy","status":"publish","type":"page","link":"https:\/\/www.studioprogress.it\/en\/cookie-policy\/","title":{"rendered":"Cookie Policy"},"content":{"rendered":"<div data-elementor-type=\"wp-page\" data-elementor-id=\"862\" class=\"elementor elementor-862\" data-elementor-post-type=\"page\">\n\t\t\t\t\t\t<section data-dce-background-image-url=\"https:\/\/www.studioprogress.it\/wp-content\/uploads\/2024\/06\/Slide-1-bk.jpg\" class=\"elementor-section elementor-top-section elementor-element elementor-element-21e707a elementor-section-boxed elementor-section-height-default elementor-section-height-default\" data-id=\"21e707a\" data-element_type=\"section\" data-settings=\"{&quot;background_background&quot;:&quot;classic&quot;}\">\n\t\t\t\t\t\t<div class=\"elementor-container elementor-column-gap-default\">\n\t\t\t\t\t<div class=\"elementor-column elementor-col-100 elementor-top-column elementor-element elementor-element-570f498\" data-id=\"570f498\" data-element_type=\"column\">\n\t\t\t<div class=\"elementor-widget-wrap elementor-element-populated\">\n\t\t\t\t\t\t<div class=\"elementor-element elementor-element-5b15e65 elementor-widget elementor-widget-gva-heading-block\" data-id=\"5b15e65\" data-element_type=\"widget\" data-widget_type=\"gva-heading-block.default\">\n\t\t\t\t<div class=\"elementor-widget-container\">\n\t\t\t<div class=\"gva-element-gva-heading-block gva-element\">   <div class=\"align-left style-1 widget gsc-heading box-align-left auto-responsive\">\r\n      <div class=\"content-inner\">\r\n         \r\n                  \r\n           \r\n         \r\n                     <h1 class=\"title\">\r\n               <span>Cookie Policy<\/span>\r\n            <\/h1>\r\n                  \r\n         \r\n         \r\n      <\/div>\r\n   <\/div>\r\n<\/div>\t\t<\/div>\n\t\t\t\t<\/div>\n\t\t\t\t\t<\/div>\n\t\t<\/div>\n\t\t\t\t\t<\/div>\n\t\t<\/section>\n\t\t\t\t<section class=\"elementor-section elementor-top-section elementor-element elementor-element-48f5eeb1 elementor-section-boxed elementor-section-height-default elementor-section-height-default\" data-id=\"48f5eeb1\" data-element_type=\"section\">\n\t\t\t\t\t\t<div class=\"elementor-container elementor-column-gap-default\">\n\t\t\t\t\t<div class=\"elementor-column elementor-col-100 elementor-top-column elementor-element elementor-element-36a985e7\" data-id=\"36a985e7\" data-element_type=\"column\">\n\t\t\t<div class=\"elementor-widget-wrap elementor-element-populated\">\n\t\t\t\t\t\t<div class=\"elementor-element elementor-element-1c7460bf elementor-widget elementor-widget-text-editor\" data-id=\"1c7460bf\" data-element_type=\"widget\" data-widget_type=\"text-editor.default\">\n\t\t\t\t<div class=\"elementor-widget-container\">\n\t\t\t\t\t\t\t<h4><strong>Cookie policy &#8211; StudioProgress S.n.c.<br \/><\/strong><\/h4><p>Il presente documento \u00e8 redatto dal itolare del trattamento \u00e8 la societ\u00e0 StudioProgress S.n.c. (C.F. 02154470179) con sede in 25121 Brescia (BS) Via Carlo Cattaneo n. 51 ed email pec\u00a0<a href=\"mailto:studioprogress@legalmail.it\">studioprogress@legalmail.it<\/a>\u00a0(\u201c<strong>Titolare<\/strong>\u201d), in qualit\u00e0 di titolare del trattamento dei dati personali derivanti dalla navigazione all\u2019interno del sito web\u00a0<a href=\"https:\/\/www.studioprogress.it\/en\/\">www.studioprogress.it<\/a>\u00a0(\u201c<strong>Sito<\/strong>\u201d).<\/p><p>A mezzo del presente documento il Titolare intende informare l\u2019utente che il Sito utilizza cookie tecnici per garantire un\u2019ottimale esperienza di navigazione. La presente policy sui cookies (\u201cPolicy sui Cookies\u201d), che deve essere letta ad integrazione delle informazioni rese nella Privacy Policy, serve per descrivere i tipi di cookies e altre tecnologie usate sul Sito, nonch\u00e9, i motivi e le condizioni di utilizzo dei cookies. Alcuni cookies sono necessari per consentire la corretta navigazione del Sito e continuando a navigare si acconsente all\u2019utilizzo di tali cookie.<\/p><p>L\u2019Utente pu\u00f2, comunque, evitare l\u2019installazione di cookie configurando le impostazioni del suo browser oppure disabilitando l\u2019uso dei siti tramite il browser direttamente, come specificato nel dettaglio di seguito.<br \/><br \/><\/p><h4><strong>Uso dei cookie<\/strong><\/h4><p>Il Sito utilizza i Cookie per rendere i propri servizi semplici e efficienti per l\u2019utenza che ne visiona le pagine. Gli utenti che visionano il Sito, vedranno inserite delle quantit\u00e0 minime di informazioni nei dispositivi in uso, che siano computer e periferiche mobili, in piccoli file di testo denominati \u201ccookie\u201d salvati nelle directory utilizzate dal browser web dell\u2019Utente. Vi sono vari tipi di cookie, alcuni per rendere pi\u00f9 efficace l\u2019uso del Sito, altri per abilitare determinate funzionalit\u00e0.<\/p><p>Analizzandoli in maniera particolareggiata i nostri cookie permettono di:<\/p><ul><li>memorizzare le preferenze inserite;<\/li><li>evitare di reinserire le stesse informazioni pi\u00f9 volte durante la visita quali ad esempio nome utente e password;<\/li><li>analizzare l\u2019utilizzo dei servizi e dei contenuti forniti da per ottimizzarne l\u2019esperienza di navigazione e i servizi offerti.<br \/><br \/><\/li><\/ul><h4><strong>Tipologie di Cookie.<\/strong><\/h4><p><strong><em>Cookie tecnici<br \/><\/em><\/strong>Questa tipologia di cookie permette il corretto funzionamento di alcune sezioni del Sito.<br \/>Sono di due categorie: persistenti e di sessione:<\/p><ul><li>persistenti: una volta chiuso il browser non vengono distrutti ma rimangono fino ad una data di scadenza preimpostata;<\/li><li>di sessione: vengono distrutti ogni volta che il browser viene chiuso.<\/li><\/ul><p>Questi cookie, inviati sempre dal nostro dominio, sono necessari a visualizzare correttamente il sito e in relazione ai servizi tecnici offerti, verranno quindi sempre utilizzati e inviati, a meno che l\u2019utenza non modifichi le impostazioni nel proprio browser (inficiando cos\u00ec la visualizzazione delle pagine del sito).<\/p><p><strong><em>Cookie analitici.<br \/><\/em><\/strong>I cookie in questa categoria vengono utilizzati per collezionare informazioni sull\u2019uso del sito. Il Titolare user\u00e0 queste informazioni in merito ad analisi statistiche anonime al fine di migliorare l\u2019utilizzo del Sito e per rendere i contenuti pi\u00f9 interessanti e attinenti ai desideri dell\u2019utenza. Questa tipologia di cookie raccoglie dati in forma anonima sull\u2019attivit\u00e0 dell\u2019utenza e su come \u00e8 arrivata sul Sito. I cookie analitici sono inviati dal Sito Stesso o da domini di terze parti.<\/p><p><strong><em>Cookie di analisi di servizi di terze parti.<br \/><\/em><\/strong>Questi cookie sono utilizzati al fine di raccogliere informazioni sull\u2019uso del Sito da parte degli utenti in forma anonima quali: pagine visitate, tempo di permanenza, origini del traffico di provenienza, provenienza geografica, et\u00e0, genere e interessi ai fini di campagne di marketing. Questi cookie sono inviati da domini di terze parti esterni al Sito.<\/p><p><strong><em>Cookie per integrare prodotti e funzioni di software di terze parti.<br \/><\/em><\/strong>Questa tipologia di cookie integra funzionalit\u00e0 sviluppate da terzi all\u2019interno delle pagine del Sito come le icone e le preferenze espresse nei social network al fine di condivisione dei contenuti del sito o per l\u2019uso di servizi software di terze parti (come i software per generare le mappe e ulteriori software che offrono servizi aggiuntivi). Questi cookie sono inviati da domini di terze parti e da siti partner che offrono le loro funzionalit\u00e0 tra le pagine del Sito.<\/p><p><strong><em>Cookie di profilazione.<br \/><\/em><\/strong>Sono quei cookie necessari a creare profili utenti al fine di inviare messaggi pubblicitari in linea con le preferenze manifestate dall\u2019utente all\u2019interno delle pagine del Sito.<\/p><p>Il Titolare, secondo la normativa vigente, non \u00e8 tenuto a chiedere consenso per i cookie tecnici e di analytics, in quanto necessari a fornire i servizi richiesti.<\/p><p>Per tutte le altre tipologie di cookie il consenso pu\u00f2 essere espresso dall\u2019Utente con una o pi\u00f9 di una delle seguenti modalit\u00e0:<\/p><ul><li>mediante specifiche configurazioni del browser utilizzato o dei relativi programmi informatici utilizzati per navigare le pagine che compongono il Sito.<\/li><li>mediante modifica delle impostazioni nell\u2019uso dei servizi di terze parti.<\/li><\/ul><p><strong>Nota bene:\u00a0<\/strong>entrambe queste soluzioni potrebbero impedire all\u2019utente di utilizzare o visualizzare parti del Sito.<\/p><p><strong>Siti Web e servizi di terze parti<br \/><\/strong>Il Sito potrebbe contenere collegamenti ad altri siti Web che dispongono di una propria informativa sulla privacy che pu\u00f2 essere diverse da quella adottata. Il Titolare, quindi, non risponde di siti terzi diversi dal Sito sopra indicato.<br \/><br \/><\/p><h4><strong>Elenco cookie<\/strong><\/h4><p>Il sito utilizza i cookie tecnici, analitici e per integrare prodotti e funzioni di software di terze parti indicati nell\u2019elenco seguente (che ci riserviamo di aggiornare in caso di modifiche):<\/p><ul><li>cookielaw_module: scade dopo un giorno e viene attivato se si acconsente al banner dei cookies policy:<\/li><li>SERVERID585: cookie di sessione che scade alla chiusura della pagina. Il funzionamento dell&#8217;host richiede la presenza di questo cookie corrispondente a un numero di server &#8220;SERVERID&#8221; per garantire il corretto caricamento del sito.<\/li><li>atuvc: dura 4 giorni. Questo cookie \u00e8 associato al widget AddThis comunemente integrato nei siti web per consentire ai visitatori di condividere i contenuti con diverse piattaforme che si concentrano sulla rappresentazioni di connessioni tra gli utenti (Facebook, Twitter, email, ecc.). Memorizza il numero di condivisioni di una pagina. Anche se PPG non offre spazi pubblicitari sui propri siti, AddThis pu\u00f2 utilizzare le informazioni non personali raccolte durante le visite per far s\u00ec che altri siti mostrino annunci pubblicitari su prodotti e servizi che possano essere di vostro interesse.<\/li><li>atuvs: dura 1 ora. Questo cookie \u00e8 associato al widget AddThis comunemente integrato nei siti web per consentire ai visitatori di condividere i contenuti con diverse piattaforme che si concentrano sulla rappresentazioni di connessioni tra gli utenti (Facebook, Twitter, email, ecc.).<\/li><li>PrestaShop-cd2ff261cc89e80a639e216974c7f5a7: dura 15 giorni. Questo cookie serve al sito per funzionare (carrelli, login ecc.)<\/li><\/ul><h4><br \/><strong>Come disabilitare i cookie mediante configurazione del browser<\/strong><\/h4><p>Se desideri approfondire le modalit\u00e0 con cui il tuo browser memorizza i cookies durante la tua navigazione, ti invitiamo a seguire questi link sui siti dei rispettivi fornitori.<\/p><table><tbody><tr><td><p><a href=\"https:\/\/support.mozilla.org\/it\/kb\/Gestione%20dei%20cookie\">Mozilla Firefox<\/a><\/p><\/td><td><p>https:\/\/support.mozilla.org\/it\/kb\/Gestione%20dei%20cookie<\/p><\/td><\/tr><tr><td><p><a href=\"https:\/\/support.google.com\/chrome\/answer\/95647?hl=it\">Google Chrome<\/a><\/p><\/td><td><p>https:\/\/support.google.com\/chrome\/answer\/95647?hl=it<\/p><\/td><\/tr><tr><td><p><a href=\"http:\/\/windows.microsoft.com\/it-it\/windows-vista\/block-or-allow-cookies\">Internet Explorer<\/a><\/p><\/td><td><p>http:\/\/windows.microsoft.com\/it-it\/windows-vista\/block-or-allow-cookies<\/p><\/td><\/tr><tr><td><p><a href=\"https:\/\/support.apple.com\/kb\/PH17191?viewlocale=it_IT&amp;locale=en_US\">Safari 6\/7 Mavericks<\/a><\/p><\/td><td><p>https:\/\/support.apple.com\/kb\/PH17191?viewlocale=it_IT&locale=it_IT<\/p><\/td><\/tr><tr><td><p><a href=\"https:\/\/support.apple.com\/kb\/PH19214?viewlocale=it_IT&amp;locale=en_US\">Safari 8 Yosemite<\/a><\/p><\/td><td><p>https:\/\/support.apple.com\/kb\/PH19214?viewlocale=it_IT&locale=it_IT<\/p><\/td><\/tr><tr><td><p><a href=\"https:\/\/support.apple.com\/it-it\/HT201265\">Safari su iPhone, iPad, o iPod touch<\/a><\/p><\/td><td><p>https:\/\/support.apple.com\/it-it\/HT201265<\/p><\/td><\/tr><\/tbody><\/table><p><em><br \/>Aggiornamento: 25 Maggio 2018<\/em><\/p>\t\t\t\t\t\t<\/div>\n\t\t\t\t<\/div>\n\t\t\t\t\t<\/div>\n\t\t<\/div>\n\t\t\t\t\t<\/div>\n\t\t<\/section>\n\t\t\t\t<\/div>","protected":false},"excerpt":{"rendered":"<p>Cookie Policy Cookie policy &#8211; StudioProgress S.n.c. Il presente documento \u00e8 redatto dal itolare del trattamento \u00e8 la societ\u00e0 StudioProgress S.n.c. (C.F. 02154470179) con sede in 25121 Brescia (BS) Via Carlo Cattaneo n. 51 ed email pec\u00a0studioprogress@legalmail.it\u00a0(\u201cTitolare\u201d), in qualit\u00e0 di titolare del trattamento dei dati personali derivanti dalla navigazione all\u2019interno del sito web\u00a0www.studioprogress.it\u00a0(\u201cSito\u201d). A mezzo [&hellip;]<\/p>","protected":false},"author":2,"featured_media":0,"parent":0,"menu_order":0,"comment_status":"closed","ping_status":"closed","template":"","meta":{"_acf_changed":false,"footnotes":""},"class_list":["post-862","page","type-page","status-publish","hentry"],"acf":[],"_links":{"self":[{"href":"https:\/\/www.studioprogress.it\/en\/wp-json\/wp\/v2\/pages\/862","targetHints":{"allow":["GET"]}}],"collection":[{"href":"https:\/\/www.studioprogress.it\/en\/wp-json\/wp\/v2\/pages"}],"about":[{"href":"https:\/\/www.studioprogress.it\/en\/wp-json\/wp\/v2\/types\/page"}],"author":[{"embeddable":true,"href":"https:\/\/www.studioprogress.it\/en\/wp-json\/wp\/v2\/users\/2"}],"replies":[{"embeddable":true,"href":"https:\/\/www.studioprogress.it\/en\/wp-json\/wp\/v2\/comments?post=862"}],"version-history":[{"count":10,"href":"https:\/\/www.studioprogress.it\/en\/wp-json\/wp\/v2\/pages\/862\/revisions"}],"predecessor-version":[{"id":883,"href":"https:\/\/www.studioprogress.it\/en\/wp-json\/wp\/v2\/pages\/862\/revisions\/883"}],"wp:attachment":[{"href":"https:\/\/www.studioprogress.it\/en\/wp-json\/wp\/v2\/media?parent=862"}],"curies":[{"name":"wp","href":"https:\/\/api.w.org\/{rel}","templated":true}]}}