{"id":850,"date":"2024-06-07T13:08:07","date_gmt":"2024-06-07T13:08:07","guid":{"rendered":"https:\/\/www.studioprogress.it\/?page_id=850"},"modified":"2024-06-07T13:14:03","modified_gmt":"2024-06-07T13:14:03","slug":"privacy-policy","status":"publish","type":"page","link":"https:\/\/www.studioprogress.it\/en\/privacy-policy\/","title":{"rendered":"Privacy Policy"},"content":{"rendered":"<div data-elementor-type=\"wp-page\" data-elementor-id=\"850\" class=\"elementor elementor-850\" data-elementor-post-type=\"page\">\n\t\t\t\t\t\t<section data-dce-background-image-url=\"https:\/\/www.studioprogress.it\/wp-content\/uploads\/2024\/06\/Slide-1-bk.jpg\" class=\"elementor-section elementor-top-section elementor-element elementor-element-21e707a elementor-section-boxed elementor-section-height-default elementor-section-height-default\" data-id=\"21e707a\" data-element_type=\"section\" data-settings=\"{&quot;background_background&quot;:&quot;classic&quot;}\">\n\t\t\t\t\t\t<div class=\"elementor-container elementor-column-gap-default\">\n\t\t\t\t\t<div class=\"elementor-column elementor-col-100 elementor-top-column elementor-element elementor-element-570f498\" data-id=\"570f498\" data-element_type=\"column\">\n\t\t\t<div class=\"elementor-widget-wrap elementor-element-populated\">\n\t\t\t\t\t\t<div class=\"elementor-element elementor-element-5b15e65 elementor-widget elementor-widget-gva-heading-block\" data-id=\"5b15e65\" data-element_type=\"widget\" data-widget_type=\"gva-heading-block.default\">\n\t\t\t\t<div class=\"elementor-widget-container\">\n\t\t\t<div class=\"gva-element-gva-heading-block gva-element\">   <div class=\"align-left style-1 widget gsc-heading box-align-left auto-responsive\">\r\n      <div class=\"content-inner\">\r\n         \r\n                  \r\n           \r\n         \r\n                     <h1 class=\"title\">\r\n               <span>Privacy Policy<\/span>\r\n            <\/h1>\r\n                  \r\n         \r\n         \r\n      <\/div>\r\n   <\/div>\r\n<\/div>\t\t<\/div>\n\t\t\t\t<\/div>\n\t\t\t\t\t<\/div>\n\t\t<\/div>\n\t\t\t\t\t<\/div>\n\t\t<\/section>\n\t\t\t\t<section class=\"elementor-section elementor-top-section elementor-element elementor-element-48f5eeb1 elementor-section-boxed elementor-section-height-default elementor-section-height-default\" data-id=\"48f5eeb1\" data-element_type=\"section\">\n\t\t\t\t\t\t<div class=\"elementor-container elementor-column-gap-default\">\n\t\t\t\t\t<div class=\"elementor-column elementor-col-100 elementor-top-column elementor-element elementor-element-36a985e7\" data-id=\"36a985e7\" data-element_type=\"column\">\n\t\t\t<div class=\"elementor-widget-wrap elementor-element-populated\">\n\t\t\t\t\t\t<div class=\"elementor-element elementor-element-1c7460bf elementor-widget elementor-widget-text-editor\" data-id=\"1c7460bf\" data-element_type=\"widget\" data-widget_type=\"text-editor.default\">\n\t\t\t\t<div class=\"elementor-widget-container\">\n\t\t\t\t\t\t\t<h4><strong>Privacy Policy \u2013 StudioProgress S.n.c.<\/strong><\/h4><h4><strong>INFORMAZIONI SUL TRATTAMENTO DEI DATI PERSONALI<br \/>degli utenti che interagiscono con il sito web www.studioprogress.it<br \/><br \/><\/strong><\/h4><p>Ai sensi\u00a0 del Regolamento (UE) 2016\/679 (di seguito &#8220;Regolamento&#8221;), questo documento descrive le modalit\u00e0 generali di trattamento dei dati personali degli utenti che interagiscono con il sito web di StudioProgress S.n.c. accessibile per via telematica al seguente indirizzo:\u00a0<a href=\"https:\/\/www.studioprogress.it\/en\/\">https:\/\/www.studioprogress.it<\/a><\/p><p>Le presenti informazioni non riguardano altri siti, pagine o servizi online raggiungibili tramite link ipertestuali eventualmente pubblicati nel sito e\/o riferiti a risorse esterne al dominio sopra indicato.<\/p><p>I dati personali verranno trattati nel rispetto dei principi di liceit\u00e0, correttezza, trasparenza, limitazione delle finalit\u00e0, minimizzazione dei dati, esattezza, limitazione della conservazione, integrit\u00e0 e riservatezza. Specifiche misure di sicurezza sono osservate per prevenire la perdita dei dati personali, usi illeciti o non corretti, nonch\u00e9 accessi non autorizzati.<br \/><br \/><\/p><h4><strong>Titolare del trattamento<\/strong><\/h4><p>A seguito della consultazione del sito possono essere trattati dati relativi a persone identificate o identificabili.<\/p><p><strong>Titolare del trattamento \u00e8 la societ\u00e0 Studio Progress S.n.c. (C.F. 02154470179) con sede in 25121 Brescia (BS) Via Carlo Cattaneo n. 51 ed email pec\u00a0<a href=\"mailto:studioprogress@legalmail.it\">studioprogress@legalmail.it<\/a>\u00a0(\u201cTitolare\u201d).<br \/><br \/><\/strong><\/p><h4><strong>Categorie di dati personali trattati, finalit\u00e0 e basi del trattamento<\/strong><\/h4><p><em>Dati di navigazione<br \/><\/em>I sistemi informatici e le procedure software preposte al funzionamento di questo sito web acquisiscono, nel corso del loro normale esercizio, alcuni dati personali la cui trasmissione \u00e8 implicita nell\u2019uso dei protocolli di comunicazione di Internet.<\/p><p>Si tratta di informazioni che non sono raccolte per essere associate a interessati identificati, ma che per loro stessa natura potrebbero, attraverso elaborazioni ed associazioni con altri dati detenuti da terzi, permettere di identificare gli utenti.<\/p><p>In questa categoria di dati rientrano gli indirizzi IP o i nomi a dominio dei computer utilizzati dagli utenti che si connettono al sito, gli indirizzi in notazione URI (Uniform Resource Identifier) delle risorse richieste, l\u2019orario della richiesta, il metodo utilizzato nel sottoporre la richiesta al server, la dimensione del file ottenuto in risposta, il codice numerico indicante lo stato della risposta data dal server (buon fine, errore, ecc.) ed altri parametri relativi al sistema operativo e all\u2019ambiente informatico dell\u2019utente.<\/p><p>Tali dati, necessari per la fruizione dei servizi web, potrebbero essere trattati anche allo scopo di:<\/p><ul><li>ottenere informazioni statistiche sull&#8217;uso dei servizi (pagine pi\u00f9 visitate, numero di visitatori per fascia oraria o giornaliera, aree geografiche di provenienza, ecc.);<\/li><li>controllare il corretto funzionamento dei servizi offerti.<\/li><\/ul><p>I dati di navigazione non persistono per pi\u00f9 di sette giorni e vengono cancellati immediatamente dopo la loro aggregazione (salve eventuali necessit\u00e0 di accertamento di reati da parte dell&#8217;Autorit\u00e0 giudiziaria).<\/p><p><em>Cookie e altri sistemi di tracciamento<br \/><\/em>Le informazioni riguardo a cosa sono e come vengono utilizzati i cookies sul sito web sono accessibili visitando la pagina dell&#8217;informativa sull&#8217;utilizzo dei cookies (Cookie Policy).<\/p><p><em>Dati forniti volontariamente dall\u2019utente<\/em><br \/>In linea generale, i dati personali degli utenti nonch\u00e9 di terze parti forniti dagli utenti (congiuntamente, i dati personali) saranno trattati per le finalit\u00e0 di seguito indicate:<\/p><ol><li>registrazione al sito web, creazione, modifica e gestione account (base giuridica del trattamento: esecuzione del contratto o misure precontrattuali);<\/li><li>l\u2019adempimento di obblighi previsti da leggi, regolamenti, dalla normativa comunitaria, ovvero da disposizioni impartite da Autorit\u00e0 e da Organi di Vigilanza e Controllo (base giuridica del trattamento: obbligo di legge)<\/li><li>gestione vendita beni e\/o erogazione servizi (come ad esempio l\u2019iscrizione e\/o la partecipazione a convegni), esecuzione, gestione organizzativa di contratti, anche in riferimento agli accordi preliminari e\/o alla fase di post vendita (base giuridica: esecuzione del contratto o misure precontrattuali);<\/li><li>far valere e difendere i propri diritti, anche in connessione a frodi o recupero di crediti o contenzioso (base giuridica del trattamento: legittimo interesse);<\/li><li>analisi statistiche interne in forma aggregata (base giuridica del trattamento: legittimo interesse);<\/li><li>attivit\u00e0 di divulgazione di materiale promozionale e\/o informativo e\/o divulgativo tramite e-mail, posta tradizionale e telefono (base giuridica del trattamento: consenso).<\/li><\/ol><p>A parte quanto specificato per i dati di navigazione, l\u2019utente \u00e8 libero di fornire i dati personali per sollecitare l\u2019invio di informazioni e\/o documenti e\/o di altre comunicazioni.<br \/>L&#8217;invio facoltativo, esplicito e volontario di messaggi agli indirizzi di contatto, nonch\u00e9 la compilazione e l&#8217;inoltro dei moduli presenti sul sito web, comporteranno l&#8217;acquisizione dei dati personali necessari per rispondere ed evadere le richieste formulate ed il trattamento dei dati personali stessi per le finalit\u00e0 sopra indicate.<br \/>Con riguardo, in particolare, ai dati personali di cui alle finalit\u00e0 meglio descritte ai precedenti punti 1) e 3), la loro mancata comunicazione impedir\u00e0 il perfezionarsi del rapporto contrattuale stesso.<\/p><p>I Dati Personali saranno trattati con strumenti informatici e\/o cartacei e saranno conservati:<\/p><p>a)\u00a0\u00a0\u00a0\u00a0 per le finalit\u00e0 di cui al punto 6. fino revoca del consenso;<\/p><p>b)\u00a0\u00a0\u00a0\u00a0 per quanto attiene agli altri trattamenti elencati il tempo di conservazione sar\u00e0 proporzionato per soddisfare la finalit\u00e0 della raccolta ovvero per il periodo di durata del contratto e, successivamente, per il tempo in cui il Titolare sar\u00e0 soggetto a obblighi di conservazione per finalit\u00e0\u0300 fiscali o per altre finalit\u00e0, previste da norme di legge o regolamentari.<\/p><p><strong>\u00a0<\/strong><\/p><h4><strong>Destinatari dei dati<\/strong><\/h4><p>I dati personali raccolti saranno trattati dal personale e\/o dai collaboratori del Titolare, che agiscono sulla base di specifiche istruzioni fornite in ordine a finalit\u00e0 e modalit\u00e0 del trattamento medesimo.<\/p><p>Altres\u00ec, i dati personali saranno comunicati ai soggetti dei quali il Titolare si avvale per lo svolgimento di attivit\u00e0 necessarie per il raggiungimento delle finalit\u00e0 sopra meglio indicate, tra cui ad esempio:<\/p><ul><li>societ\u00e0 che svolgono attivit\u00e0 di coordinamento tecnico, assistenza e manutenzione dei sistemi informatici;<\/li><li>in generale, societ\u00e0 e\/o soggetti terzi (ivi inclusi professionisti) che prestano assistenza al Titolare.<\/li><\/ul><p>L\u2019elenco aggiornato dei Responsabili e degli Autorizzati al trattamento \u00e8 custodito presso la sede legale del Titolare.<br \/>In ogni caso, i dati personali non saranno soggetti a diffusione.<\/p><p><strong>\u00a0<\/strong><\/p><h4><strong>Diritti dell&#8217;interessato<\/strong><\/h4><p>L\u2019interessato vanta i seguenti diritti:<br \/><strong>di accesso<\/strong>, ovvero ottenere conferma che sia o meno in corso un trattamento di dati personali che lo riguarda e, in tal caso, di ottenere l\u2019accesso a tali dati, compresa una copia degli stessi;<br \/><strong>di rettifica<\/strong>, ovvero ottenere senza ingiustificato ritardo la rettifica dei dati personali inesatti che lo riguardano e\/o l\u2019integrazione dei dati personali incompleti;<br \/><strong>alla cancellazione<\/strong>\u00a0(diritto all\u2019oblio), ovvero ottenere senza ingiustificato ritardo la cancellazione dei dati personali che lo riguardano;<br \/><strong>di limitazione di trattamento<\/strong>, ovvero ottenere la limitazione del trattamento, nei casi di cui all\u2019art. 18 del Regolamento;<br \/><strong>alla portabilit\u00e0 dei dati<\/strong>, ovvero di ricevere del Titolare, in un formato strutturato, di uso comune e leggibile da un dispositivo automatico, i dati personali che lo riguardano e il diritto di trasmetterli a un altro Titolare senza impedimenti, qualora il trattamento si basi sul consenso e sia effettuato con mezzi automatizzati, nonch\u00e9 di ottenere che siano trasmessi direttamente ad altro Titolare qualora ci\u00f2 sia tecnicamente fattibile;<br \/><strong>di opposizione<\/strong>, ovvero diritto di opporsi, in qualsiasi momento per motivi connessi alla sua situazione particolare, al trattamento dei dati personali che lo riguardano\u00a0 basati sulla condizione di liceit\u00e0 del legittimo interesse o dell\u2019esecuzione di un compito di interesse pubblico o dell\u2019esercizio di pubblici poteri, compresa la profilazione, salvo che sussistano motivi legittimi per il Titolare di continuare il trattamento che prevalgono sugli interessi, sui diritti e sulle libert\u00e0 dell\u2019Interessato oppure per l\u2019accertamento, l\u2019esercizio o la difesa di un diritto in sede giudiziaria. Inoltre, il diritto di opporsi in qualsiasi momento al trattamento qualora i dati personali siano trattati per finalit\u00e0 di marketing diretto, compresa la profilazione, nella misura in cui sia connessa a tale marketing diretto;<br \/><strong>di revoca<\/strong>, ovvero di revocare il proprio consenso in qualsiasi momento. La revoca del consenso non pregiudica la liceit\u00e0 del trattamento basata sul consenso prima della revoca;<br \/><strong>di reclamo\u00a0<\/strong>ovvero di proporre reclamo all\u2019Autorit\u00e0 Garante per la protezione dei dati personali, Piazza di Montecitorio 121, 00186, Roma (RM).<\/p><p><em>Aggiornamento informativa: 25 Maggio 2018<\/em><\/p>\t\t\t\t\t\t<\/div>\n\t\t\t\t<\/div>\n\t\t\t\t\t<\/div>\n\t\t<\/div>\n\t\t\t\t\t<\/div>\n\t\t<\/section>\n\t\t\t\t<\/div>","protected":false},"excerpt":{"rendered":"<p>Privacy Policy Privacy Policy \u2013 StudioProgress S.n.c. INFORMAZIONI SUL TRATTAMENTO DEI DATI PERSONALIdegli utenti che interagiscono con il sito web www.studioprogress.it Ai sensi\u00a0 del Regolamento (UE) 2016\/679 (di seguito &#8220;Regolamento&#8221;), questo documento descrive le modalit\u00e0 generali di trattamento dei dati personali degli utenti che interagiscono con il sito web di StudioProgress S.n.c. accessibile per via [&hellip;]<\/p>","protected":false},"author":2,"featured_media":0,"parent":0,"menu_order":0,"comment_status":"closed","ping_status":"closed","template":"","meta":{"_acf_changed":false,"footnotes":""},"class_list":["post-850","page","type-page","status-publish","hentry"],"acf":[],"_links":{"self":[{"href":"https:\/\/www.studioprogress.it\/en\/wp-json\/wp\/v2\/pages\/850","targetHints":{"allow":["GET"]}}],"collection":[{"href":"https:\/\/www.studioprogress.it\/en\/wp-json\/wp\/v2\/pages"}],"about":[{"href":"https:\/\/www.studioprogress.it\/en\/wp-json\/wp\/v2\/types\/page"}],"author":[{"embeddable":true,"href":"https:\/\/www.studioprogress.it\/en\/wp-json\/wp\/v2\/users\/2"}],"replies":[{"embeddable":true,"href":"https:\/\/www.studioprogress.it\/en\/wp-json\/wp\/v2\/comments?post=850"}],"version-history":[{"count":10,"href":"https:\/\/www.studioprogress.it\/en\/wp-json\/wp\/v2\/pages\/850\/revisions"}],"predecessor-version":[{"id":861,"href":"https:\/\/www.studioprogress.it\/en\/wp-json\/wp\/v2\/pages\/850\/revisions\/861"}],"wp:attachment":[{"href":"https:\/\/www.studioprogress.it\/en\/wp-json\/wp\/v2\/media?parent=850"}],"curies":[{"name":"wp","href":"https:\/\/api.w.org\/{rel}","templated":true}]}}